{"id":13,"date":"2013-05-12T17:03:39","date_gmt":"2013-05-12T15:03:39","guid":{"rendered":"http:\/\/release-yourself.net\/?page_id=13"},"modified":"2013-06-19T15:04:19","modified_gmt":"2013-06-19T13:04:19","slug":"guides-dinstallation-vmware","status":"publish","type":"page","link":"https:\/\/www.release-yourself.net\/?page_id=13","title":{"rendered":"Guides d&rsquo;installation Vmware"},"content":{"rendered":"<p style=\"text-align: justify;\">Apr\u00e8s avoir rencontr\u00e9 des difficult\u00e9s en essayant d\u2019installer vCenter 5.1, j\u2019ai voulu rassembler le maximum d\u2019information sur le sujet, ainsi que des liens utiles vers Vmware.Ceci n\u2019est pas un guide d\u2019installation parfait de vCenter 5.1 \u00e9tant donn\u00e9 que chaque environnement est sp\u00e9cifique, et que cela requi\u00e8re une certaine\u00a0r\u00e9flexion et d&rsquo;\u00e9tude avant de se mettre dans ce type d\u2019installation<\/p>\n<p style=\"text-align: justify;\">Je vais vous proposer un exemple d&rsquo;installation de vCenter 5.1 en 15 \u00e9tapes. j&rsquo;ai essay\u00e9 de d\u00e9tailler cela au maximum avec des explications et captures d&rsquo;\u00e9crans pour illustrer mes propos. Par ailleurs, Vmware a am\u00e9lior\u00e9 les articles KB au fil du temps, il est donc recommand\u00e9 de lire la documentation \u00e9diteur (liens ci dessous)<\/p>\n<p style=\"text-align: justify;\">J&rsquo;invite\u00a0quiconque\u00a0\u00e0 commenter les articles afin de partager sur les \u00e9ventuels probl\u00e8mes rencontr\u00e9s ainsi que les solutions que vous pourriez apporter.<\/p>\n<h2 class=\"entry-title\" style=\"text-align: justify;\">\u00c9tapes d&rsquo;installation de vCenter 5.1<\/h2>\n<ul style=\"text-align: justify;\">\n<li><a title=\"Installation vCenter 5.1 U1: Partie 1 (Service SSO)\" href=\"http:\/\/release-yourself.net\/2013\/05\/installation-vcenter-5-1-u1-partie-1-service-sso\/\">Partie 1 (Service SSO)<\/a><\/li>\n<li><a title=\"Installation vCenter 5.1 U1: Partie 2 ( Service Inventory)\" href=\"http:\/\/www.release-yourself.net\/2013\/05\/installation-vcenter-5-1-u1-partie-2-service-inventory\/\">Partie 2 (Service Inventory)<\/a><\/li>\n<li><a title=\"Installation vCenter 5.1 U1: Partie 3 (Cr\u00e9ation des bases de donn\u00e9es vCenter et VUM)\" href=\"http:\/\/www.release-yourself.net\/2013\/05\/installation-vcenter-5-1-u1-partie-3-creation-des-bases-de-donnees-vcenter-et-vum\/\">Partie 3 (Cr\u00e9ation des base de donn\u00e9es pour vCenter et VUM)<\/a><\/li>\n<li><a title=\"Installation vCenter 5.1 U1: Partie 4 (vCenter Server)\" href=\"http:\/\/www.release-yourself.net\/2013\/05\/installation-vcenter-5-1-u1-partie-4-vcenter-server\/\">Partie 4 (vCenter Server)<\/a><\/li>\n<li><a title=\"Installation vCenter 5.1 U1: Partie 5 (Web Client)\" href=\"http:\/\/www.release-yourself.net\/2013\/05\/installation-vcenter-5-1-u1-partie-5-web-client\/\">Partie 5 (Web Client)<\/a><\/li>\n<li><a title=\"Installation vCenter 5.1 U1: Partie 6 (Configuration SSO Optionnelle)\" href=\"http:\/\/www.release-yourself.net\/2013\/05\/installation-vcenter-5-1-u1-partie-6-configuration-sso-optionnelle\/\">Partie 6 (Configuration SSO optionnelle)<\/a><\/li>\n<li><a title=\"Installation vCenter 5.1 U1: Partie 7 (Cr\u00e9ation DSN VUM)\" href=\"http:\/\/www.release-yourself.net\/2013\/05\/installation-vcenter-5-1-u1-partie-7-creation-dsn-vum\/\">Partie 7 (Cr\u00e9ation DSN VUM)<\/a><\/li>\n<li><a title=\"Installation vCenter 5.1 U1: Partie 8 (VUM)\" href=\"http:\/\/www.release-yourself.net\/2013\/05\/installation-vcenter-5-1-u1-partie-8-vum\/\">Partie 8 (VUM)<\/a><\/li>\n<li><a title=\"Installation vCenter 5.1 U1: Partie 9 (Configuration VUM)\" href=\"http:\/\/www.release-yourself.net\/2013\/05\/installation-vcenter-5-1-u1-partie-9-configuration-vum\/\">Partie 9 (Configuration VUM)<\/a><\/li>\n<\/ul>\n<h2 class=\"entry-title\" style=\"text-align: justify;\">Liens Vmware<\/h2>\n<p style=\"text-align: justify;\"><a href=\"http:\/\/www.vmware.com\/fr\/support\/support-resources\/pubs\/vsphere-esxi-vcenter-server-pubs\/\" target=\"_blank\">Documentation vSphere 5.1<\/a><br \/>\n<a href=\"http:\/\/kb.vmware.com\/selfservice\/microsites\/search.do?cmd=displayKC&amp;docType=kc&amp;externalId=2021202&amp;sliceId=1&amp;docTypeID=DT_KB_1_1&amp;dialogID=864336311&amp;stateId=1 0 864348381\" target=\"_blank\">Bonne Pratique d&rsquo;installation vCenter Server 5.1 (en)<\/a><br \/>\n<a href=\"http:\/\/kb.vmware.com\/selfservice\/microsites\/search.do?cmd=displayKC&amp;docType=kc&amp;externalId=2034833&amp;sliceId=2&amp;docTypeID=DT_KB_1_1&amp;dialogID=864336367&amp;stateId=1 0 864348846\" target=\"_blank\">Impl\u00e9mentation une autorit\u00e9 de certification sign\u00e9 avec vSphere 5.1 (en)<\/a><\/p>\n","protected":false},"excerpt":{"rendered":"<p>Apr\u00e8s avoir rencontr\u00e9 des difficult\u00e9s en essayant d\u2019installer vCenter 5.1, j\u2019ai voulu rassembler le maximum d\u2019information sur le sujet, ainsi que des liens utiles vers Vmware.Ceci n\u2019est pas un guide d\u2019installation parfait de vCenter 5.1 \u00e9tant donn\u00e9 que chaque environnement &hellip; <a href=\"https:\/\/www.release-yourself.net\/?page_id=13\">Continuer la lecture <span class=\"meta-nav\">&rarr;<\/span><\/a><\/p>\n","protected":false},"author":1,"featured_media":0,"parent":0,"menu_order":0,"comment_status":"open","ping_status":"open","template":"","meta":{"footnotes":""},"class_list":["post-13","page","type-page","status-publish","hentry"],"_links":{"self":[{"href":"https:\/\/www.release-yourself.net\/index.php?rest_route=\/wp\/v2\/pages\/13"}],"collection":[{"href":"https:\/\/www.release-yourself.net\/index.php?rest_route=\/wp\/v2\/pages"}],"about":[{"href":"https:\/\/www.release-yourself.net\/index.php?rest_route=\/wp\/v2\/types\/page"}],"author":[{"embeddable":true,"href":"https:\/\/www.release-yourself.net\/index.php?rest_route=\/wp\/v2\/users\/1"}],"replies":[{"embeddable":true,"href":"https:\/\/www.release-yourself.net\/index.php?rest_route=%2Fwp%2Fv2%2Fcomments&post=13"}],"version-history":[{"count":19,"href":"https:\/\/www.release-yourself.net\/index.php?rest_route=\/wp\/v2\/pages\/13\/revisions"}],"predecessor-version":[{"id":22,"href":"https:\/\/www.release-yourself.net\/index.php?rest_route=\/wp\/v2\/pages\/13\/revisions\/22"}],"wp:attachment":[{"href":"https:\/\/www.release-yourself.net\/index.php?rest_route=%2Fwp%2Fv2%2Fmedia&parent=13"}],"curies":[{"name":"wp","href":"https:\/\/api.w.org\/{rel}","templated":true}]}}